{"id":288,"date":"2023-11-29T11:43:39","date_gmt":"2023-11-29T10:43:39","guid":{"rendered":"https:\/\/spiritof1944.fr\/mentions-legales-2\/"},"modified":"2025-09-22T18:27:15","modified_gmt":"2025-09-22T16:27:15","slug":"mentions-legales","status":"publish","type":"page","link":"https:\/\/spiritof1944.fr\/en\/mentions-legales\/","title":{"rendered":"Mentions L\u00e9gales"},"content":{"rendered":"<p>Le site https:\/\/spiritof1944.fr (ci-apr\u00e8s le \u201cSite\u201d) est \u00e9dit\u00e9 par la soci\u00e9t\u00e9 MADAME PATRICIA KIEFER, dont le si\u00e8ge social est situ\u00e9 LE LIEU BESNARD 14230 LA CAMBE.<\/p>\n<p>Code APE : 5520Z<br \/>\nMontant du capital social : \u20ac<br \/>\nSIRET : 79385969500017<br \/>\nSIREN : 793859695<br \/>\nN\u00b0 TVA Intracommunautaire : FR80793859695<br \/>\nNum\u00e9ro de t\u00e9l\u00e9phone : 02.31.51.07.52<br \/>\nEmail : info@spiritof1944.fr<br \/>\nDirecteur de la publication : PATRICIA KIEFER<\/p>\n<h2>Contact<\/h2>\n<p>Le Centre Relation Clients de https:\/\/spiritof1944.fr est joignable :<\/p>\n<ul>\n<li>Par internet : via le lien Contact sur le site https:\/\/spiritof1944.fr<\/li>\n<li>Par t\u00e9l\u00e9phone au 02.31.51.07.52 (N\u00b0 Cristal, prix d&#8217;un appel local depuis un t\u00e9l\u00e9phone fixe)<\/li>\n<li>Par voie postale : MADAME PATRICIA KIEFER \u2013 Service Relation Clients &#8211; LE LIEU BESNARD<\/li>\n<\/ul>\n<h2>H\u00e9bergeur<\/h2>\n<p>SAS OVH \u2013 https:\/\/www.ovh.com<br \/>\n2 rue Kellermann<\/p>\n<p>BP 80157<\/p>\n<p>59100 Roubaix<\/p>\n<h2>Protection des donn\u00e9es personnelles<\/h2>\n<p>Pour consulter notre charte de protection de donn\u00e9es personnelles, <a href=\"#\">cliquez ici<\/a>.<br \/>\nPour consulter la politique Cookies de MADAME PATRICIA KIEFER, <a href=\"#cookies\">cliquez ici<\/a>.<\/p>\n<h2>Propri\u00e9t\u00e9 Intellectuelle<\/h2>\n<p>Le site b\u00e9n\u00e9ficie de protections au titre de la propri\u00e9t\u00e9 intellectuelle, incluant les droits d&#8217;auteur, les dessins et mod\u00e8les, les marques, les noms de domaine, les brevets, le savoir-faire, les logiciels ou les bases de donn\u00e9es. La soci\u00e9t\u00e9 MADAME PATRICIA KIEFER et\/ou ses partenaires demeurent les propri\u00e9taires de l&#8217;ensemble de ces contenus et des droits qui y sont associ\u00e9s. Toutefois, la soci\u00e9t\u00e9 MADAME PATRICIA KIEFER vous accorde une licence limit\u00e9e, non-exclusive, r\u00e9vocable, sans possibilit\u00e9 de sous-licencier, pour les seules op\u00e9rations d&#8217;acc\u00e8s, de navigation et d&#8217;utilisation en relation avec ce site. Cette licence ne conf\u00e8re aucun autre droit, notamment celui d&#8217;exploiter commercialement ces contenus.<\/p>\n<p>&nbsp;<\/p>\n<p>Photos : <a href=\"https:\/\/www.facebook.com\/CaillArtphoto\/\" target=\"_blank\" rel=\"noopener\">Caill\u2019Art Photographie<\/a> &amp; <a href=\"https:\/\/anibas.fr\/\" target=\"_blank\" rel=\"noopener\">Anibas Photography<\/a><\/p>","protected":false},"excerpt":{"rendered":"<p>Le site https:\/\/spiritof1944.fr (ci-apr\u00e8s le \u201cSite\u201d) est \u00e9dit\u00e9 par la soci\u00e9t\u00e9 MADAME PATRICIA KIEFER, dont le si\u00e8ge social est situ\u00e9 LE LIEU BESNARD 14230 LA CAMBE. Code APE : 5520Z Montant du capital social : \u20ac SIRET : 79385969500017 SIREN : 793859695 N\u00b0 TVA Intracommunautaire : FR80793859695 Num\u00e9ro de t\u00e9l\u00e9phone : 02.31.51.07.52 Email : info@spiritof1944.fr [&hellip;]<\/p>\n","protected":false},"author":1,"featured_media":0,"parent":0,"menu_order":0,"comment_status":"closed","ping_status":"closed","template":"","meta":{"footnotes":""},"class_list":["post-288","page","type-page","status-publish","hentry"],"acf":[],"yoast_head":"<!-- This site is optimized with the Yoast SEO plugin v24.1 - https:\/\/yoast.com\/wordpress\/plugins\/seo\/ -->\n<title>Mentions L\u00e9gales - Spirit of 1944<\/title>\n<meta name=\"robots\" content=\"index, follow, max-snippet:-1, max-image-preview:large, max-video-preview:-1\" \/>\n<link rel=\"canonical\" href=\"https:\/\/spiritof1944.fr\/en\/mentions-legales\/\" \/>\n<meta property=\"og:locale\" content=\"en_US\" \/>\n<meta property=\"og:type\" content=\"article\" \/>\n<meta property=\"og:title\" content=\"Mentions L\u00e9gales - Spirit of 1944\" \/>\n<meta property=\"og:description\" content=\"Le site https:\/\/spiritof1944.fr (ci-apr\u00e8s le \u201cSite\u201d) est \u00e9dit\u00e9 par la soci\u00e9t\u00e9 MADAME PATRICIA KIEFER, dont le si\u00e8ge social est situ\u00e9 LE LIEU BESNARD 14230 LA CAMBE. Code APE : 5520Z Montant du capital social : \u20ac SIRET : 79385969500017 SIREN : 793859695 N\u00b0 TVA Intracommunautaire : FR80793859695 Num\u00e9ro de t\u00e9l\u00e9phone : 02.31.51.07.52 Email : info@spiritof1944.fr [&hellip;]\" \/>\n<meta property=\"og:url\" content=\"https:\/\/spiritof1944.fr\/en\/mentions-legales\/\" \/>\n<meta property=\"og:site_name\" content=\"Spirit of 1944\" \/>\n<meta property=\"article:publisher\" content=\"https:\/\/www.facebook.com\/Spiritof1944\/?locale=fr_FR\" \/>\n<meta property=\"article:modified_time\" content=\"2025-09-22T16:27:15+00:00\" \/>\n<meta name=\"twitter:card\" content=\"summary_large_image\" \/>\n<meta name=\"twitter:label1\" content=\"Est. reading time\" \/>\n\t<meta name=\"twitter:data1\" content=\"2 minutes\" \/>\n<script type=\"application\/ld+json\" class=\"yoast-schema-graph\">{\"@context\":\"https:\/\/schema.org\",\"@graph\":[{\"@type\":\"WebPage\",\"@id\":\"https:\/\/spiritof1944.fr\/en\/mentions-legales\/\",\"url\":\"https:\/\/spiritof1944.fr\/en\/mentions-legales\/\",\"name\":\"Mentions L\u00e9gales - Spirit of 1944\",\"isPartOf\":{\"@id\":\"https:\/\/spiritof1944.fr\/en\/#website\"},\"datePublished\":\"2023-11-29T10:43:39+00:00\",\"dateModified\":\"2025-09-22T16:27:15+00:00\",\"inLanguage\":\"en-US\",\"potentialAction\":[{\"@type\":\"ReadAction\",\"target\":[[\"https:\/\/spiritof1944.fr\/en\/mentions-legales\/\"]]}]},{\"@type\":\"WebSite\",\"@id\":\"https:\/\/spiritof1944.fr\/en\/#website\",\"url\":\"https:\/\/spiritof1944.fr\/en\/\",\"name\":\"Spirit of 1944\",\"description\":\"\",\"publisher\":{\"@id\":\"https:\/\/spiritof1944.fr\/en\/#organization\"},\"potentialAction\":[{\"@type\":\"SearchAction\",\"target\":{\"@type\":\"EntryPoint\",\"urlTemplate\":\"https:\/\/spiritof1944.fr\/en\/?s={search_term_string}\"},\"query-input\":{\"@type\":\"PropertyValueSpecification\",\"valueRequired\":true,\"valueName\":\"search_term_string\"}}],\"inLanguage\":\"en-US\"},{\"@type\":\"Organization\",\"@id\":\"https:\/\/spiritof1944.fr\/en\/#organization\",\"name\":\"Spirit of 1944\",\"url\":\"https:\/\/spiritof1944.fr\/en\/\",\"logo\":{\"@type\":\"ImageObject\",\"inLanguage\":\"en-US\",\"@id\":\"https:\/\/spiritof1944.fr\/en\/#\/schema\/logo\/image\/\",\"url\":\"https:\/\/spiritof1944.fr\/wp-content\/uploads\/2023\/05\/spiritof1944final.png\",\"contentUrl\":\"https:\/\/spiritof1944.fr\/wp-content\/uploads\/2023\/05\/spiritof1944final.png\",\"width\":3132,\"height\":1005,\"caption\":\"Spirit of 1944\"},\"image\":{\"@id\":\"https:\/\/spiritof1944.fr\/en\/#\/schema\/logo\/image\/\"},\"sameAs\":[\"https:\/\/www.facebook.com\/Spiritof1944\/?locale=fr_FR\",\"https:\/\/www.instagram.com\/spiritof1944\/\"]}]}<\/script>\n<!-- \/ Yoast SEO plugin. -->","yoast_head_json":{"title":"Mentions L\u00e9gales - Spirit of 1944","robots":{"index":"index","follow":"follow","max-snippet":"max-snippet:-1","max-image-preview":"max-image-preview:large","max-video-preview":"max-video-preview:-1"},"canonical":"https:\/\/spiritof1944.fr\/en\/mentions-legales\/","og_locale":"en_US","og_type":"article","og_title":"Mentions L\u00e9gales - Spirit of 1944","og_description":"Le site https:\/\/spiritof1944.fr (ci-apr\u00e8s le \u201cSite\u201d) est \u00e9dit\u00e9 par la soci\u00e9t\u00e9 MADAME PATRICIA KIEFER, dont le si\u00e8ge social est situ\u00e9 LE LIEU BESNARD 14230 LA CAMBE. Code APE : 5520Z Montant du capital social : \u20ac SIRET : 79385969500017 SIREN : 793859695 N\u00b0 TVA Intracommunautaire : FR80793859695 Num\u00e9ro de t\u00e9l\u00e9phone : 02.31.51.07.52 Email : info@spiritof1944.fr [&hellip;]","og_url":"https:\/\/spiritof1944.fr\/en\/mentions-legales\/","og_site_name":"Spirit of 1944","article_publisher":"https:\/\/www.facebook.com\/Spiritof1944\/?locale=fr_FR","article_modified_time":"2025-09-22T16:27:15+00:00","twitter_card":"summary_large_image","twitter_misc":{"Est. reading time":"2 minutes"},"schema":{"@context":"https:\/\/schema.org","@graph":[{"@type":"WebPage","@id":"https:\/\/spiritof1944.fr\/en\/mentions-legales\/","url":"https:\/\/spiritof1944.fr\/en\/mentions-legales\/","name":"Mentions L\u00e9gales - Spirit of 1944","isPartOf":{"@id":"https:\/\/spiritof1944.fr\/en\/#website"},"datePublished":"2023-11-29T10:43:39+00:00","dateModified":"2025-09-22T16:27:15+00:00","inLanguage":"en-US","potentialAction":[{"@type":"ReadAction","target":[["https:\/\/spiritof1944.fr\/en\/mentions-legales\/"]]}]},{"@type":"WebSite","@id":"https:\/\/spiritof1944.fr\/en\/#website","url":"https:\/\/spiritof1944.fr\/en\/","name":"Spirit of 1944","description":"","publisher":{"@id":"https:\/\/spiritof1944.fr\/en\/#organization"},"potentialAction":[{"@type":"SearchAction","target":{"@type":"EntryPoint","urlTemplate":"https:\/\/spiritof1944.fr\/en\/?s={search_term_string}"},"query-input":{"@type":"PropertyValueSpecification","valueRequired":true,"valueName":"search_term_string"}}],"inLanguage":"en-US"},{"@type":"Organization","@id":"https:\/\/spiritof1944.fr\/en\/#organization","name":"Spirit of 1944","url":"https:\/\/spiritof1944.fr\/en\/","logo":{"@type":"ImageObject","inLanguage":"en-US","@id":"https:\/\/spiritof1944.fr\/en\/#\/schema\/logo\/image\/","url":"https:\/\/spiritof1944.fr\/wp-content\/uploads\/2023\/05\/spiritof1944final.png","contentUrl":"https:\/\/spiritof1944.fr\/wp-content\/uploads\/2023\/05\/spiritof1944final.png","width":3132,"height":1005,"caption":"Spirit of 1944"},"image":{"@id":"https:\/\/spiritof1944.fr\/en\/#\/schema\/logo\/image\/"},"sameAs":["https:\/\/www.facebook.com\/Spiritof1944\/?locale=fr_FR","https:\/\/www.instagram.com\/spiritof1944\/"]}]}},"_links":{"self":[{"href":"https:\/\/spiritof1944.fr\/en\/wp-json\/wp\/v2\/pages\/288","targetHints":{"allow":["GET"]}}],"collection":[{"href":"https:\/\/spiritof1944.fr\/en\/wp-json\/wp\/v2\/pages"}],"about":[{"href":"https:\/\/spiritof1944.fr\/en\/wp-json\/wp\/v2\/types\/page"}],"author":[{"embeddable":true,"href":"https:\/\/spiritof1944.fr\/en\/wp-json\/wp\/v2\/users\/1"}],"replies":[{"embeddable":true,"href":"https:\/\/spiritof1944.fr\/en\/wp-json\/wp\/v2\/comments?post=288"}],"version-history":[{"count":6,"href":"https:\/\/spiritof1944.fr\/en\/wp-json\/wp\/v2\/pages\/288\/revisions"}],"predecessor-version":[{"id":381,"href":"https:\/\/spiritof1944.fr\/en\/wp-json\/wp\/v2\/pages\/288\/revisions\/381"}],"wp:attachment":[{"href":"https:\/\/spiritof1944.fr\/en\/wp-json\/wp\/v2\/media?parent=288"}],"curies":[{"name":"wp","href":"https:\/\/api.w.org\/{rel}","templated":true}]}}